{"id":3051,"date":"2026-02-26T21:36:01","date_gmt":"2026-02-27T00:36:01","guid":{"rendered":"https:\/\/dpartech.com\/?page_id=3051"},"modified":"2026-03-05T22:03:58","modified_gmt":"2026-03-06T01:03:58","slug":"blog-dpartech-engenharia-e-servicos","status":"publish","type":"page","link":"https:\/\/dpartech.com\/index.php\/blog-dpartech-engenharia-e-servicos\/","title":{"rendered":"Blog &#8211; Dpartech Engenharia e Servi\u00e7os"},"content":{"rendered":"\t\t<div data-elementor-type=\"wp-page\" data-elementor-id=\"3051\" class=\"elementor elementor-3051\" data-elementor-post-type=\"page\">\n\t\t\t\t<div class=\"elementor-element elementor-element-3cd1d74 e-flex e-con-boxed e-con e-parent\" data-id=\"3cd1d74\" data-element_type=\"container\" data-e-type=\"container\" data-settings=\"{&quot;background_background&quot;:&quot;classic&quot;}\">\n\t\t\t\t\t<div class=\"e-con-inner\">\n\t\t<div class=\"elementor-element elementor-element-3f3cf2f e-grid e-con-boxed e-con e-child\" data-id=\"3f3cf2f\" data-element_type=\"container\" data-e-type=\"container\">\n\t\t\t\t\t<div class=\"e-con-inner\">\n\t\t\t\t<div class=\"elementor-element elementor-element-2d021cb elementor-widget elementor-widget-button\" data-id=\"2d021cb\" data-element_type=\"widget\" data-e-type=\"widget\" data-widget_type=\"button.default\">\n\t\t\t\t<div class=\"elementor-widget-container\">\n\t\t\t\t\t\t\t\t\t<div class=\"elementor-button-wrapper\">\n\t\t\t\t\t<a class=\"elementor-button elementor-button-link elementor-size-sm\" href=\"https:\/\/dpartech.com\/index.php\/blog-dpartech-engenharia-e-servicos\/\">\n\t\t\t\t\t\t<span class=\"elementor-button-content-wrapper\">\n\t\t\t\t\t\t\t\t\t<span class=\"elementor-button-text\">Mais artigos...<\/span>\n\t\t\t\t\t<\/span>\n\t\t\t\t\t<\/a>\n\t\t\t\t<\/div>\n\t\t\t\t\t\t\t\t<\/div>\n\t\t\t\t<\/div>\n\t\t\t\t<div class=\"elementor-element elementor-element-e5e2aed elementor-widget elementor-widget-button\" data-id=\"e5e2aed\" data-element_type=\"widget\" data-e-type=\"widget\" data-widget_type=\"button.default\">\n\t\t\t\t<div class=\"elementor-widget-container\">\n\t\t\t\t\t\t\t\t\t<div class=\"elementor-button-wrapper\">\n\t\t\t\t\t<a class=\"elementor-button elementor-button-link elementor-size-sm\" href=\"https:\/\/dpartech.com\/index.php\/home-dpartech-engenharia-e-servicos\/\">\n\t\t\t\t\t\t<span class=\"elementor-button-content-wrapper\">\n\t\t\t\t\t\t\t\t\t<span class=\"elementor-button-text\">Home Page<\/span>\n\t\t\t\t\t<\/span>\n\t\t\t\t\t<\/a>\n\t\t\t\t<\/div>\n\t\t\t\t\t\t\t\t<\/div>\n\t\t\t\t<\/div>\n\t\t\t\t<div class=\"elementor-element elementor-element-c916a08 elementor-widget elementor-widget-button\" data-id=\"c916a08\" data-element_type=\"widget\" data-e-type=\"widget\" data-widget_type=\"button.default\">\n\t\t\t\t<div class=\"elementor-widget-container\">\n\t\t\t\t\t\t\t\t\t<div class=\"elementor-button-wrapper\">\n\t\t\t\t\t<a class=\"elementor-button elementor-button-link elementor-size-sm\" href=\"https:\/\/dpartech.com\/index.php\/contato\/\">\n\t\t\t\t\t\t<span class=\"elementor-button-content-wrapper\">\n\t\t\t\t\t\t\t\t\t<span class=\"elementor-button-text\">Contato<\/span>\n\t\t\t\t\t<\/span>\n\t\t\t\t\t<\/a>\n\t\t\t\t<\/div>\n\t\t\t\t\t\t\t\t<\/div>\n\t\t\t\t<\/div>\n\t\t\t\t\t<\/div>\n\t\t\t\t<\/div>\n\t\t\t\t<div class=\"elementor-element elementor-element-c5f86da elementor-widget-tablet__width-initial elementor-widget elementor-widget-heading\" data-id=\"c5f86da\" data-element_type=\"widget\" data-e-type=\"widget\" data-widget_type=\"heading.default\">\n\t\t\t\t<div class=\"elementor-widget-container\">\n\t\t\t\t\t<h2 class=\"elementor-heading-title elementor-size-default\">Blog Dpartech<\/h2>\t\t\t\t<\/div>\n\t\t\t\t<\/div>\n\t\t\t\t<div class=\"elementor-element elementor-element-c14c07b elementor-widget elementor-widget-heading\" data-id=\"c14c07b\" data-element_type=\"widget\" data-e-type=\"widget\" data-widget_type=\"heading.default\">\n\t\t\t\t<div class=\"elementor-widget-container\">\n\t\t\t\t\t<h2 class=\"elementor-heading-title elementor-size-default\">Artigos sobre Engenharia Eletr\u00f4nica e Servi\u00e7os para Ind\u00fastria<\/h2>\t\t\t\t<\/div>\n\t\t\t\t<\/div>\n\t\t\t\t\t<\/div>\n\t\t\t\t<\/div>\n\t\t<div class=\"elementor-element elementor-element-5991690 e-flex e-con-boxed e-con e-parent\" data-id=\"5991690\" data-element_type=\"container\" data-e-type=\"container\">\n\t\t\t\t\t<div class=\"e-con-inner\">\n\t\t\t\t<div class=\"elementor-element elementor-element-950bddd elementor-widget__width-initial elementor-grid-3 elementor-grid-tablet-2 elementor-grid-mobile-1 elementor-posts--thumbnail-top elementor-widget elementor-widget-posts\" data-id=\"950bddd\" data-element_type=\"widget\" data-e-type=\"widget\" data-settings=\"{&quot;classic_row_gap&quot;:{&quot;unit&quot;:&quot;px&quot;,&quot;size&quot;:29,&quot;sizes&quot;:[]},&quot;classic_columns&quot;:&quot;3&quot;,&quot;classic_columns_tablet&quot;:&quot;2&quot;,&quot;classic_columns_mobile&quot;:&quot;1&quot;,&quot;classic_row_gap_tablet&quot;:{&quot;unit&quot;:&quot;px&quot;,&quot;size&quot;:&quot;&quot;,&quot;sizes&quot;:[]},&quot;classic_row_gap_mobile&quot;:{&quot;unit&quot;:&quot;px&quot;,&quot;size&quot;:&quot;&quot;,&quot;sizes&quot;:[]}}\" data-widget_type=\"posts.classic\">\n\t\t\t\t<div class=\"elementor-widget-container\">\n\t\t\t\t\t\t\t<div class=\"elementor-posts-container elementor-posts elementor-posts--skin-classic elementor-grid\" role=\"list\">\n\t\t\t\t<article class=\"elementor-post elementor-grid-item post-3011 post type-post status-publish format-standard hentry category-uncategorized\" role=\"listitem\">\n\t\t\t\t<div class=\"elementor-post__text\">\n\t\t\t\t<h2 class=\"elementor-post__title\">\n\t\t\t<a href=\"https:\/\/dpartech.com\/index.php\/2026\/02\/26\/como-identificar-falhas-recorrentes-em-placas-eletronicas-na-producao\/\" >\n\t\t\t\tComo identificar falhas recorrentes em placas eletr\u00f4nicas na produ\u00e7\u00e3o\t\t\t<\/a>\n\t\t<\/h2>\n\t\t\t\t<div class=\"elementor-post__meta-data\">\n\t\t\t\t\t<span class=\"elementor-post-date\">\n\t\t\t26\/02\/2026\t\t<\/span>\n\t\t\t\t<\/div>\n\t\t\t\t<div class=\"elementor-post__excerpt\">\n\t\t\t<p>Mais artigos&#8230; Home Page Contato Blog Dpartech Artigos sobre Engenharia Eletr\u00f4nica e Servi\u00e7os para Ind\u00fastria Como identificar falhas recorrentes em placas eletr\u00f4nicas na produ\u00e7\u00e3o Falhas em placas eletr\u00f4nicas fazem parte da realidade industrial. No entanto, quando essas falhas come\u00e7am a se repetir, deixam de ser eventos pontuais e passam a<\/p>\n\t\t<\/div>\n\t\t\t\t\t<div class=\"elementor-post__read-more-wrapper\">\n\t\t\n\t\t<a class=\"elementor-post__read-more\" href=\"https:\/\/dpartech.com\/index.php\/2026\/02\/26\/como-identificar-falhas-recorrentes-em-placas-eletronicas-na-producao\/\" aria-label=\"Read more about Como identificar falhas recorrentes em placas eletr\u00f4nicas na produ\u00e7\u00e3o\" tabindex=\"-1\" >\n\t\t\tLeia mais \u00bb\t\t<\/a>\n\n\t\t\t\t\t<\/div>\n\t\t\t\t<\/div>\n\t\t\t\t<\/article>\n\t\t\t\t<article class=\"elementor-post elementor-grid-item post-3006 post type-post status-publish format-standard hentry category-uncategorized\" role=\"listitem\">\n\t\t\t\t<div class=\"elementor-post__text\">\n\t\t\t\t<h2 class=\"elementor-post__title\">\n\t\t\t<a href=\"https:\/\/dpartech.com\/index.php\/2026\/02\/26\/gestao-de-crises-de-qualidade-como-agir-nas-primeiras-48-horas-copy\/\" >\n\t\t\t\tQuando recondicionar placas eletr\u00f4nicas \u00e9 mais vantajoso do que substituir\t\t\t<\/a>\n\t\t<\/h2>\n\t\t\t\t<div class=\"elementor-post__meta-data\">\n\t\t\t\t\t<span class=\"elementor-post-date\">\n\t\t\t26\/02\/2026\t\t<\/span>\n\t\t\t\t<\/div>\n\t\t\t\t<div class=\"elementor-post__excerpt\">\n\t\t\t<p>Mais artigos&#8230; Home Page Contato Blog Dpartech Artigos sobre Engenharia Eletr\u00f4nica e Servi\u00e7os para Ind\u00fastria Quando recondicionar placas eletr\u00f4nicas \u00e9 mais vantajoso do que substituir A decis\u00e3o entre recondicionar ou substituir placas eletr\u00f4nicas \u00e9 cada vez mais estrat\u00e9gica para ind\u00fastrias que buscam redu\u00e7\u00e3o de custos, agilidade operacional e confiabilidade t\u00e9cnica.<\/p>\n\t\t<\/div>\n\t\t\t\t\t<div class=\"elementor-post__read-more-wrapper\">\n\t\t\n\t\t<a class=\"elementor-post__read-more\" href=\"https:\/\/dpartech.com\/index.php\/2026\/02\/26\/gestao-de-crises-de-qualidade-como-agir-nas-primeiras-48-horas-copy\/\" aria-label=\"Read more about Quando recondicionar placas eletr\u00f4nicas \u00e9 mais vantajoso do que substituir\" tabindex=\"-1\" >\n\t\t\tLeia mais \u00bb\t\t<\/a>\n\n\t\t\t\t\t<\/div>\n\t\t\t\t<\/div>\n\t\t\t\t<\/article>\n\t\t\t\t<article class=\"elementor-post elementor-grid-item post-2992 post type-post status-publish format-standard hentry category-uncategorized\" role=\"listitem\">\n\t\t\t\t<div class=\"elementor-post__text\">\n\t\t\t\t<h2 class=\"elementor-post__title\">\n\t\t\t<a href=\"https:\/\/dpartech.com\/index.php\/2026\/02\/26\/testes-funcionais-em-jigas-personalizadas-por-que-fazem-a-diferenca-dpartech-blog6\/\" >\n\t\t\t\tTestes funcionais em jigas personalizadas: por que fazem a diferen\u00e7a\t\t\t<\/a>\n\t\t<\/h2>\n\t\t\t\t<div class=\"elementor-post__meta-data\">\n\t\t\t\t\t<span class=\"elementor-post-date\">\n\t\t\t26\/02\/2026\t\t<\/span>\n\t\t\t\t<\/div>\n\t\t\t\t<div class=\"elementor-post__excerpt\">\n\t\t\t<p>Mais artigos&#8230; Home Page Contato Blog Dpartech Artigos sobre Engenharia Eletr\u00f4nica e Servi\u00e7os para Ind\u00fastria Testes funcionais em jigas personalizadas: por que fazem a diferen\u00e7a Garantir que um produto eletr\u00f4nico funcione corretamente antes de seguir para o cliente ou retornar ao processo produtivo \u00e9 essencial para a qualidade industrial. Os<\/p>\n\t\t<\/div>\n\t\t\t\t\t<div class=\"elementor-post__read-more-wrapper\">\n\t\t\n\t\t<a class=\"elementor-post__read-more\" href=\"https:\/\/dpartech.com\/index.php\/2026\/02\/26\/testes-funcionais-em-jigas-personalizadas-por-que-fazem-a-diferenca-dpartech-blog6\/\" aria-label=\"Read more about Testes funcionais em jigas personalizadas: por que fazem a diferen\u00e7a\" tabindex=\"-1\" >\n\t\t\tLeia mais \u00bb\t\t<\/a>\n\n\t\t\t\t\t<\/div>\n\t\t\t\t<\/div>\n\t\t\t\t<\/article>\n\t\t\t\t<article class=\"elementor-post elementor-grid-item post-2987 post type-post status-publish format-standard hentry category-uncategorized\" role=\"listitem\">\n\t\t\t\t<div class=\"elementor-post__text\">\n\t\t\t\t<h2 class=\"elementor-post__title\">\n\t\t\t<a href=\"https:\/\/dpartech.com\/index.php\/2026\/02\/26\/retrabalho-smd-e-pth-riscos-boas-praticas-e-impactos-na-confiabilidade-dpartech-blog5\/\" >\n\t\t\t\tRetrabalho SMD e PTH: riscos, boas pr\u00e1ticas e impactos na confiabilidade\t\t\t<\/a>\n\t\t<\/h2>\n\t\t\t\t<div class=\"elementor-post__meta-data\">\n\t\t\t\t\t<span class=\"elementor-post-date\">\n\t\t\t26\/02\/2026\t\t<\/span>\n\t\t\t\t<\/div>\n\t\t\t\t<div class=\"elementor-post__excerpt\">\n\t\t\t<p>Mais artigos&#8230; Home Page Contato Blog Dpartech Artigos sobre Engenharia Eletr\u00f4nica e Servi\u00e7os para Ind\u00fastria Retrabalho SMD e PTH: riscos, boas pr\u00e1ticas e impactos na confiabilidade O retrabalho de componentes SMD e PTH \u00e9 uma pr\u00e1tica comum na ind\u00fastria eletr\u00f4nica para corre\u00e7\u00e3o de n\u00e3o conformidades. Quando executado corretamente, permite recuperar<\/p>\n\t\t<\/div>\n\t\t\t\t\t<div class=\"elementor-post__read-more-wrapper\">\n\t\t\n\t\t<a class=\"elementor-post__read-more\" href=\"https:\/\/dpartech.com\/index.php\/2026\/02\/26\/retrabalho-smd-e-pth-riscos-boas-praticas-e-impactos-na-confiabilidade-dpartech-blog5\/\" aria-label=\"Read more about Retrabalho SMD e PTH: riscos, boas pr\u00e1ticas e impactos na confiabilidade\" tabindex=\"-1\" >\n\t\t\tLeia mais \u00bb\t\t<\/a>\n\n\t\t\t\t\t<\/div>\n\t\t\t\t<\/div>\n\t\t\t\t<\/article>\n\t\t\t\t<article class=\"elementor-post elementor-grid-item post-2982 post type-post status-publish format-standard hentry category-uncategorized\" role=\"listitem\">\n\t\t\t\t<div class=\"elementor-post__text\">\n\t\t\t\t<h2 class=\"elementor-post__title\">\n\t\t\t<a href=\"https:\/\/dpartech.com\/index.php\/2026\/02\/26\/indicadores-de-falha-ppm-e-scr-como-interpretar-e-usar-na-tomada-de-decisao-dpartech-blog4\/\" >\n\t\t\t\tIndicadores de falha (PPM e SCR): como interpretar e usar na tomada de decis\u00e3o\t\t\t<\/a>\n\t\t<\/h2>\n\t\t\t\t<div class=\"elementor-post__meta-data\">\n\t\t\t\t\t<span class=\"elementor-post-date\">\n\t\t\t26\/02\/2026\t\t<\/span>\n\t\t\t\t<\/div>\n\t\t\t\t<div class=\"elementor-post__excerpt\">\n\t\t\t<p>Mais artigos&#8230; Home Page Contato Blog Dpartech Artigos sobre Engenharia Eletr\u00f4nica e Servi\u00e7os para Ind\u00fastria Indicadores de falha (PPM e SCR): como interpretar e usar na tomada de decis\u00e3o Indicadores de qualidade s\u00e3o fundamentais para transformar dados operacionais em decis\u00f5es t\u00e9cnicas confi\u00e1veis. Entre os mais utilizados na ind\u00fastria est\u00e3o o<\/p>\n\t\t<\/div>\n\t\t\t\t\t<div class=\"elementor-post__read-more-wrapper\">\n\t\t\n\t\t<a class=\"elementor-post__read-more\" href=\"https:\/\/dpartech.com\/index.php\/2026\/02\/26\/indicadores-de-falha-ppm-e-scr-como-interpretar-e-usar-na-tomada-de-decisao-dpartech-blog4\/\" aria-label=\"Read more about Indicadores de falha (PPM e SCR): como interpretar e usar na tomada de decis\u00e3o\" tabindex=\"-1\" >\n\t\t\tLeia mais \u00bb\t\t<\/a>\n\n\t\t\t\t\t<\/div>\n\t\t\t\t<\/div>\n\t\t\t\t<\/article>\n\t\t\t\t<article class=\"elementor-post elementor-grid-item post-2977 post type-post status-publish format-standard hentry category-uncategorized\" role=\"listitem\">\n\t\t\t\t<div class=\"elementor-post__text\">\n\t\t\t\t<h2 class=\"elementor-post__title\">\n\t\t\t<a href=\"https:\/\/dpartech.com\/index.php\/2026\/02\/26\/gestao-de-crises-de-qualidade-como-agir-nas-primeiras-48-horas-dpartech-blog3\/\" >\n\t\t\t\tGest\u00e3o de crises de qualidade: como agir nas primeiras 48 horas\t\t\t<\/a>\n\t\t<\/h2>\n\t\t\t\t<div class=\"elementor-post__meta-data\">\n\t\t\t\t\t<span class=\"elementor-post-date\">\n\t\t\t26\/02\/2026\t\t<\/span>\n\t\t\t\t<\/div>\n\t\t\t\t<div class=\"elementor-post__excerpt\">\n\t\t\t<p>Mais artigos&#8230; Home Page Contato Blog Dpartech Artigos sobre Engenharia Eletr\u00f4nica e Servi\u00e7os para Ind\u00fastria Gest\u00e3o de crises de qualidade: como agir nas primeiras 48 horas Uma crise de qualidade pode gerar impactos imediatos na produ\u00e7\u00e3o, na cadeia de suprimentos e na reputa\u00e7\u00e3o de uma empresa. Falhas graves em produtos,<\/p>\n\t\t<\/div>\n\t\t\t\t\t<div class=\"elementor-post__read-more-wrapper\">\n\t\t\n\t\t<a class=\"elementor-post__read-more\" href=\"https:\/\/dpartech.com\/index.php\/2026\/02\/26\/gestao-de-crises-de-qualidade-como-agir-nas-primeiras-48-horas-dpartech-blog3\/\" aria-label=\"Read more about Gest\u00e3o de crises de qualidade: como agir nas primeiras 48 horas\" tabindex=\"-1\" >\n\t\t\tLeia mais \u00bb\t\t<\/a>\n\n\t\t\t\t\t<\/div>\n\t\t\t\t<\/div>\n\t\t\t\t<\/article>\n\t\t\t\t<\/div>\n\t\t\n\t\t\t\t\t\t<\/div>\n\t\t\t\t<\/div>\n\t\t\t\t\t<\/div>\n\t\t\t\t<\/div>\n\t\t<div class=\"elementor-element elementor-element-fa08478 e-flex e-con-boxed e-con e-parent\" data-id=\"fa08478\" data-element_type=\"container\" data-e-type=\"container\" data-settings=\"{&quot;background_background&quot;:&quot;classic&quot;}\">\n\t\t\t\t\t<div class=\"e-con-inner\">\n\t\t<div class=\"elementor-element elementor-element-f7d6833 e-flex e-con-boxed e-con e-child\" data-id=\"f7d6833\" data-element_type=\"container\" data-e-type=\"container\">\n\t\t\t\t\t<div class=\"e-con-inner\">\n\t\t\t\t<div class=\"elementor-element elementor-element-6f1e971 elementor-widget elementor-widget-image\" data-id=\"6f1e971\" data-element_type=\"widget\" data-e-type=\"widget\" data-widget_type=\"image.default\">\n\t\t\t\t<div class=\"elementor-widget-container\">\n\t\t\t\t\t\t\t\t\t\t\t\t\t\t\t<img fetchpriority=\"high\" decoding=\"async\" width=\"800\" height=\"127\" src=\"https:\/\/dpartech.com\/wp-content\/uploads\/2023\/02\/Dpartech_Resolve_Logomarca_Hzt-1024x163.png\" class=\"attachment-large size-large wp-image-2664\" alt=\"\" srcset=\"https:\/\/dpartech.com\/wp-content\/uploads\/2023\/02\/Dpartech_Resolve_Logomarca_Hzt-1024x163.png 1024w, https:\/\/dpartech.com\/wp-content\/uploads\/2023\/02\/Dpartech_Resolve_Logomarca_Hzt-300x48.png 300w, https:\/\/dpartech.com\/wp-content\/uploads\/2023\/02\/Dpartech_Resolve_Logomarca_Hzt-768x122.png 768w, https:\/\/dpartech.com\/wp-content\/uploads\/2023\/02\/Dpartech_Resolve_Logomarca_Hzt.png 1529w\" sizes=\"(max-width: 800px) 100vw, 800px\" \/>\t\t\t\t\t\t\t\t\t\t\t\t\t\t\t<\/div>\n\t\t\t\t<\/div>\n\t\t\t\t<div class=\"elementor-element elementor-element-9dddbbb elementor-widget elementor-widget-text-editor\" data-id=\"9dddbbb\" data-element_type=\"widget\" data-e-type=\"widget\" data-widget_type=\"text-editor.default\">\n\t\t\t\t<div class=\"elementor-widget-container\">\n\t\t\t\t\t\t\t\t\t<p>Especialista em engenharia eletr\u00f4nica, eletromec\u00e2nica e servi\u00e7os industriais.<\/p>\t\t\t\t\t\t\t\t<\/div>\n\t\t\t\t<\/div>\n\t\t\t\t\t<\/div>\n\t\t\t\t<\/div>\n\t\t<div class=\"elementor-element elementor-element-84f204a e-flex e-con-boxed e-con e-child\" data-id=\"84f204a\" data-element_type=\"container\" data-e-type=\"container\">\n\t\t\t\t\t<div class=\"e-con-inner\">\n\t\t\t\t<div class=\"elementor-element elementor-element-b26c947 elementor-widget elementor-widget-heading\" data-id=\"b26c947\" data-element_type=\"widget\" data-e-type=\"widget\" data-widget_type=\"heading.default\">\n\t\t\t\t<div class=\"elementor-widget-container\">\n\t\t\t\t\t<h2 class=\"elementor-heading-title elementor-size-default\"><a href=\"https:\/\/dpartech.com\/index.php\/servicos\/\">Servi\u00e7os<\/a><\/h2>\t\t\t\t<\/div>\n\t\t\t\t<\/div>\n\t\t\t\t<div class=\"elementor-element elementor-element-a96986d elementor-widget elementor-widget-heading\" data-id=\"a96986d\" data-element_type=\"widget\" data-e-type=\"widget\" data-widget_type=\"heading.default\">\n\t\t\t\t<div class=\"elementor-widget-container\">\n\t\t\t\t\t<h2 class=\"elementor-heading-title elementor-size-default\"><a href=\"https:\/\/dpartech.com\/index.php\/dpartech-engenharia-eletronica-e-eletromecanica\/\">Engenharia Eletr\u00f4nica e Eletromec\u00e2nica<\/a><\/h2>\t\t\t\t<\/div>\n\t\t\t\t<\/div>\n\t\t\t\t<div class=\"elementor-element elementor-element-fa8c260 elementor-widget elementor-widget-heading\" data-id=\"fa8c260\" data-element_type=\"widget\" data-e-type=\"widget\" data-widget_type=\"heading.default\">\n\t\t\t\t<div class=\"elementor-widget-container\">\n\t\t\t\t\t<h2 class=\"elementor-heading-title elementor-size-default\"><a href=\"https:\/\/dpartech.com\/index.php\/prestacao-de-servicos-para-industria\/\">Presta\u00e7\u00e3o de Servi\u00e7os Industriais<\/a><\/h2>\t\t\t\t<\/div>\n\t\t\t\t<\/div>\n\t\t\t\t\t<\/div>\n\t\t\t\t<\/div>\n\t\t<div class=\"elementor-element elementor-element-3618f64 e-flex e-con-boxed e-con e-child\" data-id=\"3618f64\" data-element_type=\"container\" data-e-type=\"container\">\n\t\t\t\t\t<div class=\"e-con-inner\">\n\t\t\t\t<div class=\"elementor-element elementor-element-ffd48d7 elementor-widget elementor-widget-heading\" data-id=\"ffd48d7\" data-element_type=\"widget\" data-e-type=\"widget\" data-widget_type=\"heading.default\">\n\t\t\t\t<div class=\"elementor-widget-container\">\n\t\t\t\t\t<h2 class=\"elementor-heading-title elementor-size-default\"><a href=\"https:\/\/dpartech.com\/index.php\/cases\/\">Cases<\/a><\/h2>\t\t\t\t<\/div>\n\t\t\t\t<\/div>\n\t\t\t\t<div class=\"elementor-element elementor-element-a104d05 elementor-widget elementor-widget-heading\" data-id=\"a104d05\" data-element_type=\"widget\" data-e-type=\"widget\" data-widget_type=\"heading.default\">\n\t\t\t\t<div class=\"elementor-widget-container\">\n\t\t\t\t\t<h2 class=\"elementor-heading-title elementor-size-default\"><a href=\"https:\/\/dpartech.com\/index.php\/faq\/\">FAQ<\/a><\/h2>\t\t\t\t<\/div>\n\t\t\t\t<\/div>\n\t\t\t\t<div class=\"elementor-element elementor-element-fe9c88c elementor-widget elementor-widget-heading\" data-id=\"fe9c88c\" data-element_type=\"widget\" data-e-type=\"widget\" data-widget_type=\"heading.default\">\n\t\t\t\t<div class=\"elementor-widget-container\">\n\t\t\t\t\t<h2 class=\"elementor-heading-title elementor-size-default\"><a href=\"https:\/\/dpartech.com\/index.php\/blog-dpartech-engenharia-e-servicos\/\">Blog<\/a><\/h2>\t\t\t\t<\/div>\n\t\t\t\t<\/div>\n\t\t\t\t<div class=\"elementor-element elementor-element-8fbcb5a elementor-widget elementor-widget-heading\" data-id=\"8fbcb5a\" data-element_type=\"widget\" data-e-type=\"widget\" data-widget_type=\"heading.default\">\n\t\t\t\t<div class=\"elementor-widget-container\">\n\t\t\t\t\t<h2 class=\"elementor-heading-title elementor-size-default\"><a href=\"mailto:dpartech@dpartech.com.br\">Trabalhe conosco<\/a><\/h2>\t\t\t\t<\/div>\n\t\t\t\t<\/div>\n\t\t\t\t\t<\/div>\n\t\t\t\t<\/div>\n\t\t<div class=\"elementor-element elementor-element-edda8b4 e-flex e-con-boxed e-con e-child\" data-id=\"edda8b4\" data-element_type=\"container\" data-e-type=\"container\">\n\t\t\t\t\t<div class=\"e-con-inner\">\n\t\t\t\t<div class=\"elementor-element elementor-element-c3e9fce elementor-widget elementor-widget-heading\" data-id=\"c3e9fce\" data-element_type=\"widget\" data-e-type=\"widget\" data-widget_type=\"heading.default\">\n\t\t\t\t<div class=\"elementor-widget-container\">\n\t\t\t\t\t<h2 class=\"elementor-heading-title elementor-size-default\">CONTATOS<\/h2>\t\t\t\t<\/div>\n\t\t\t\t<\/div>\n\t\t\t\t<div class=\"elementor-element elementor-element-5ccaa11 elementor-widget elementor-widget-heading\" data-id=\"5ccaa11\" data-element_type=\"widget\" data-e-type=\"widget\" data-widget_type=\"heading.default\">\n\t\t\t\t<div class=\"elementor-widget-container\">\n\t\t\t\t\t<h2 class=\"elementor-heading-title elementor-size-default\"><a href=\"mailto:dpartech@dpartech.com.br\">Enviar e-mail<\/a><\/h2>\t\t\t\t<\/div>\n\t\t\t\t<\/div>\n\t\t\t\t<div class=\"elementor-element elementor-element-f0abf9d elementor-widget elementor-widget-heading\" data-id=\"f0abf9d\" data-element_type=\"widget\" data-e-type=\"widget\" data-widget_type=\"heading.default\">\n\t\t\t\t<div class=\"elementor-widget-container\">\n\t\t\t\t\t<h2 class=\"elementor-heading-title elementor-size-default\"><a href=\"https:\/\/wa.me\/+5541992376143\">WhatsApp<\/a><\/h2>\t\t\t\t<\/div>\n\t\t\t\t<\/div>\n\t\t\t\t<div class=\"elementor-element elementor-element-ec7c334 elementor-widget elementor-widget-heading\" data-id=\"ec7c334\" data-element_type=\"widget\" data-e-type=\"widget\" data-widget_type=\"heading.default\">\n\t\t\t\t<div class=\"elementor-widget-container\">\n\t\t\t\t\t<h2 class=\"elementor-heading-title elementor-size-default\"><a href=\"\">Fone<\/a><\/h2>\t\t\t\t<\/div>\n\t\t\t\t<\/div>\n\t\t\t\t<div class=\"elementor-element elementor-element-714b92f elementor-widget elementor-widget-heading\" data-id=\"714b92f\" data-element_type=\"widget\" data-e-type=\"widget\" data-widget_type=\"heading.default\">\n\t\t\t\t<div class=\"elementor-widget-container\">\n\t\t\t\t\t<h2 class=\"elementor-heading-title elementor-size-default\"><a href=\"https:\/\/maps.app.goo.gl\/G9FdtDjmMW7JV5Aw6\">Google Maps<\/a><\/h2>\t\t\t\t<\/div>\n\t\t\t\t<\/div>\n\t\t\t\t\t<\/div>\n\t\t\t\t<\/div>\n\t\t\t\t\t<\/div>\n\t\t\t\t<\/div>\n\t\t<div class=\"elementor-element elementor-element-2a87810 e-flex e-con-boxed e-con e-parent\" data-id=\"2a87810\" data-element_type=\"container\" data-e-type=\"container\" data-settings=\"{&quot;background_background&quot;:&quot;classic&quot;}\">\n\t\t\t\t\t<div class=\"e-con-inner\">\n\t\t\t\t<div class=\"elementor-element elementor-element-60ea251 elementor-widget elementor-widget-heading\" data-id=\"60ea251\" data-element_type=\"widget\" data-e-type=\"widget\" data-widget_type=\"heading.default\">\n\t\t\t\t<div class=\"elementor-widget-container\">\n\t\t\t\t\t<h2 class=\"elementor-heading-title elementor-size-default\">\u00a9 2026 Dpartech Engenharia &amp; Servi\u00e7os \u2014 Todos os direitos reservados | Atua\u00e7\u00e3o no Brasil e na Am\u00e9rica do Sul<\/h2>\t\t\t\t<\/div>\n\t\t\t\t<\/div>\n\t\t\t\t\t<\/div>\n\t\t\t\t<\/div>\n\t\t\t\t<\/div>\n\t\t","protected":false},"excerpt":{"rendered":"<p>Mais artigos&#8230; Home Page Contato Blog Dpartech Artigos sobre Engenharia Eletr\u00f4nica e Servi\u00e7os para Ind\u00fastria Especialista em engenharia eletr\u00f4nica, eletromec\u00e2nica e servi\u00e7os industriais. Servi\u00e7os Engenharia Eletr\u00f4nica e Eletromec\u00e2nica Presta\u00e7\u00e3o de Servi\u00e7os Industriais Cases FAQ Blog Trabalhe conosco CONTATOS Enviar e-mail WhatsApp Fone Google Maps \u00a9 2026 Dpartech Engenharia &amp; Servi\u00e7os \u2014 Todos os direitos reservados [&hellip;]<\/p>\n","protected":false},"author":1,"featured_media":0,"parent":0,"menu_order":0,"comment_status":"closed","ping_status":"closed","template":"elementor_canvas","meta":{"footnotes":""},"class_list":["post-3051","page","type-page","status-publish","hentry"],"_links":{"self":[{"href":"https:\/\/dpartech.com\/index.php\/wp-json\/wp\/v2\/pages\/3051","targetHints":{"allow":["GET"]}}],"collection":[{"href":"https:\/\/dpartech.com\/index.php\/wp-json\/wp\/v2\/pages"}],"about":[{"href":"https:\/\/dpartech.com\/index.php\/wp-json\/wp\/v2\/types\/page"}],"author":[{"embeddable":true,"href":"https:\/\/dpartech.com\/index.php\/wp-json\/wp\/v2\/users\/1"}],"replies":[{"embeddable":true,"href":"https:\/\/dpartech.com\/index.php\/wp-json\/wp\/v2\/comments?post=3051"}],"version-history":[{"count":54,"href":"https:\/\/dpartech.com\/index.php\/wp-json\/wp\/v2\/pages\/3051\/revisions"}],"predecessor-version":[{"id":4174,"href":"https:\/\/dpartech.com\/index.php\/wp-json\/wp\/v2\/pages\/3051\/revisions\/4174"}],"wp:attachment":[{"href":"https:\/\/dpartech.com\/index.php\/wp-json\/wp\/v2\/media?parent=3051"}],"curies":[{"name":"wp","href":"https:\/\/api.w.org\/{rel}","templated":true}]}}